{"id":52,"date":"2018-03-10T20:35:19","date_gmt":"2018-03-10T20:35:19","guid":{"rendered":"http:\/\/new.3d-parcour-wemding.de\/?page_id=52"},"modified":"2025-09-22T10:27:32","modified_gmt":"2025-09-22T10:27:32","slug":"3d-parcour-wemding-im-schneetal","status":"publish","type":"page","link":"http:\/\/new.3d-parcour-wemding.de\/","title":{"rendered":"3D-Parcour Wemding im sch\u00f6nen Schneetal"},"content":{"rendered":"<p><img loading=\"lazy\" decoding=\"async\" class=\"wp-image-532 size-large\" src=\"http:\/\/new.3d-parcour-wemding.de\/wp-content\/uploads\/2020\/11\/Lowres-Wemding-5.9.20_Dietmar-Denger-159-1024x768.jpg\" alt=\"Parcour\" width=\"625\" height=\"469\" srcset=\"http:\/\/new.3d-parcour-wemding.de\/wp-content\/uploads\/2020\/11\/Lowres-Wemding-5.9.20_Dietmar-Denger-159-1024x768.jpg 1024w, http:\/\/new.3d-parcour-wemding.de\/wp-content\/uploads\/2020\/11\/Lowres-Wemding-5.9.20_Dietmar-Denger-159-300x225.jpg 300w, http:\/\/new.3d-parcour-wemding.de\/wp-content\/uploads\/2020\/11\/Lowres-Wemding-5.9.20_Dietmar-Denger-159-768x576.jpg 768w, http:\/\/new.3d-parcour-wemding.de\/wp-content\/uploads\/2020\/11\/Lowres-Wemding-5.9.20_Dietmar-Denger-159-1536x1152.jpg 1536w, http:\/\/new.3d-parcour-wemding.de\/wp-content\/uploads\/2020\/11\/Lowres-Wemding-5.9.20_Dietmar-Denger-159-2048x1536.jpg 2048w, http:\/\/new.3d-parcour-wemding.de\/wp-content\/uploads\/2020\/11\/Lowres-Wemding-5.9.20_Dietmar-Denger-159-960x720.jpg 960w\" sizes=\"(max-width: 625px) 100vw, 625px\" \/><\/p>\n<div class=\"absatz\">\n<h2><strong><span style=\"font-family: 'Times New Roman', serif;\"><span style=\"font-size: medium;\">Herzlich Willkommen auf der Internetseite des 3D-Parcour Wemding im Schneetal.<\/span><\/span><\/strong><\/h2>\n<p><span style=\"font-family: 'Times New Roman', serif;\"><span style=\"font-size: medium;\">Unser Bogenparcours ist t\u00e4glich f\u00fcr Besucher ge\u00f6ffnet und bietet Ihnen auf einem etwa 25 Hektar gro\u00dfen Gel\u00e4nde ca. 30 Stationen mit derzeit rund 80 3D-Zielen namhafter europ\u00e4ischer und amerikanischer Hersteller.<\/span><\/span><\/p>\n<p><span style=\"font-family: 'Times New Roman', serif;\"><span style=\"font-size: medium;\">Der Rundweg des Bogenparcours ist ca. 4,2 km lang und f\u00fchrt Sie durch Wald und \u00fcber Wiesen. Auf dem Rundweg gibt es eine Rastm\u00f6glichkeit, die zum Verweilen einl\u00e4dt.<\/span><\/span><\/p>\n<p><span style=\"font-family: 'Times New Roman', serif;\"><span style=\"font-size: medium;\">Bogenausr\u00fcstungen k\u00f6nnen nach vorheriger Anmeldung (am besten 1 Tag vorher) bei Bogensport Siebert, Wolfgangstr. 8, Wemding kostenpflichtig geliehen werden. Telefon 09092-433.<\/span><\/span><\/p>\n<p><a name=\"_GoBack\"><\/a><span style=\"font-family: 'Times New Roman', serif;\"><span style=\"font-size: medium;\">Kontaktdaten und \u00d6ffnungszeiten: <a href=\"http:\/\/www.bogensport-siebert.de\" target=\"_blank\" rel=\"noopener noreferrer\">Bogensport-Siebert<\/a><\/span><\/span><\/p>\n<p><span style=\"font-family: 'Times New Roman', serif;\"><span style=\"font-size: medium;\">Die Verwendung von Armbr\u00fcsten, Wurfspeeren, Blasrohren oder \u00e4hnlichen Waffen\/Schie\u00dfger\u00e4ten ist\u00a0nicht gestattet. <\/span><\/span><span style=\"font-family: 'Times New Roman', serif;\"><span style=\"font-size: medium;\"><b>Compoundbogen sind bei uns\u00a0bis max. 60 lbs\u00a0 erlaubt!<\/b><\/span><\/span><\/p>\n<p><span style=\"font-family: 'Times New Roman', serif;\"><span style=\"font-size: medium;\"><b>Wir freuen uns darauf Sie als Besucher auf unserem Parcours zu begr\u00fc\u00dfen und w\u00fcnschen viel Spa\u00df, sowie \u201ealle in\u2019s Kill\u201c.<\/b><\/span><\/span><\/p>\n<p><span style=\"font-family: 'Times New Roman', serif;\"><span style=\"font-size: medium;\">Sie haben einen l\u00e4ngeren Anreiseweg oder planen einen mehrt\u00e4gigen Aufenthalt bei uns? \u2013 Kein Problem!<\/span><\/span><\/p>\n<p><span style=\"font-family: 'Times New Roman', serif;\"><span style=\"font-size: medium;\">Schauen Sie doch einmal in der Rubrik\u00a0\u00dcbernachtung &amp; Gastst\u00e4tten\u00a0vorbei. Dort finden Sie Informationen \u00fcber die in Wemding und den umliegenden Gemeinden zahlreich vorhandenen Hotels, Ferienwohnungen und G\u00e4steh\u00e4user.\u00a0<a href=\"http:\/\/www.wemding.de\/\" target=\"_blank\" rel=\"noopener noreferrer\">Stadt Wemding<\/a><\/span><\/span><\/p>\n<\/div>\n","protected":false},"excerpt":{"rendered":"<p>Herzlich Willkommen auf der Internetseite des 3D-Parcour Wemding im Schneetal. Unser Bogenparcours ist t\u00e4glich f\u00fcr Besucher ge\u00f6ffnet und bietet Ihnen auf einem etwa 25 Hektar gro\u00dfen Gel\u00e4nde ca. 30 Stationen mit derzeit rund 80 3D-Zielen namhafter europ\u00e4ischer und amerikanischer Hersteller. Der Rundweg des Bogenparcours ist ca. 4,2 km lang und f\u00fchrt Sie durch Wald und <a href=\"http:\/\/new.3d-parcour-wemding.de\/\" class=\"more-link\">...weiterlesen<span class=\"screen-reader-text\"> \"3D-Parcour Wemding im sch\u00f6nen Schneetal\"<\/span><\/a><\/p>\n","protected":false},"author":1,"featured_media":0,"parent":0,"menu_order":0,"comment_status":"closed","ping_status":"closed","template":"","meta":{"footnotes":""},"_links":{"self":[{"href":"http:\/\/new.3d-parcour-wemding.de\/index.php?rest_route=\/wp\/v2\/pages\/52"}],"collection":[{"href":"http:\/\/new.3d-parcour-wemding.de\/index.php?rest_route=\/wp\/v2\/pages"}],"about":[{"href":"http:\/\/new.3d-parcour-wemding.de\/index.php?rest_route=\/wp\/v2\/types\/page"}],"author":[{"embeddable":true,"href":"http:\/\/new.3d-parcour-wemding.de\/index.php?rest_route=\/wp\/v2\/users\/1"}],"replies":[{"embeddable":true,"href":"http:\/\/new.3d-parcour-wemding.de\/index.php?rest_route=%2Fwp%2Fv2%2Fcomments&post=52"}],"version-history":[{"count":37,"href":"http:\/\/new.3d-parcour-wemding.de\/index.php?rest_route=\/wp\/v2\/pages\/52\/revisions"}],"predecessor-version":[{"id":706,"href":"http:\/\/new.3d-parcour-wemding.de\/index.php?rest_route=\/wp\/v2\/pages\/52\/revisions\/706"}],"wp:attachment":[{"href":"http:\/\/new.3d-parcour-wemding.de\/index.php?rest_route=%2Fwp%2Fv2%2Fmedia&parent=52"}],"curies":[{"name":"wp","href":"https:\/\/api.w.org\/{rel}","templated":true}]}}